{"id":22,"date":"2025-10-09T22:49:17","date_gmt":"2025-10-09T20:49:17","guid":{"rendered":"http:\/\/anna-victoria.at\/?page_id=22"},"modified":"2025-10-09T22:49:17","modified_gmt":"2025-10-09T20:49:17","slug":"impressum","status":"publish","type":"page","link":"https:\/\/anna-victoria.at\/?page_id=22","title":{"rendered":"Impressum"},"content":{"rendered":"\n<p><\/p>\n\n\n\n<p>Anna Victoria Concept Store GmbH<\/p>\n\n\n\n<p><strong>Firmensitz:<br><\/strong>Waldeck 11<br>7572 Deutsch Kaltenbrunn<\/p>\n\n\n\n<p><strong>Kontakt:<br><\/strong>Mail: anna@\u200banna-victoria.at<br>Mail: stefan@anna-victoria.at<br>Tel: +43(0)677 61400391<br>Tel: +43(0)676 5175317<\/p>\n\n\n\n<p>Firmenbuchnummer:<br>FN 648642 k<\/p>\n\n\n\n<p><strong>Gesch\u00e4ftsf\u00fchrer:<br><\/strong>Frau Anna Neumann<br>Herr Stefan Himmler<\/p>\n\n\n\n<p>Mitglied der WK\u00d6<\/p>\n\n\n\n<p><\/p>\n","protected":false},"excerpt":{"rendered":"<p>Anna Victoria Concept Store GmbH Firmensitz:Waldeck 117572 Deutsch Kaltenbrunn Kontakt:Mail: anna@\u200banna-victoria.atMail: stefan@anna-victoria.atTel: +43(0)677 61400391Tel: +43(0)676 5175317 Firmenbuchnummer:FN 648642 k Gesch\u00e4ftsf\u00fchrer:Frau Anna NeumannHerr Stefan Himmler Mitglied der WK\u00d6<\/p>\n","protected":false},"author":1,"featured_media":0,"parent":0,"menu_order":0,"comment_status":"closed","ping_status":"closed","template":"","meta":{"footnotes":""},"class_list":["post-22","page","type-page","status-publish","hentry"],"_links":{"self":[{"href":"https:\/\/anna-victoria.at\/index.php?rest_route=\/wp\/v2\/pages\/22","targetHints":{"allow":["GET"]}}],"collection":[{"href":"https:\/\/anna-victoria.at\/index.php?rest_route=\/wp\/v2\/pages"}],"about":[{"href":"https:\/\/anna-victoria.at\/index.php?rest_route=\/wp\/v2\/types\/page"}],"author":[{"embeddable":true,"href":"https:\/\/anna-victoria.at\/index.php?rest_route=\/wp\/v2\/users\/1"}],"replies":[{"embeddable":true,"href":"https:\/\/anna-victoria.at\/index.php?rest_route=%2Fwp%2Fv2%2Fcomments&post=22"}],"version-history":[{"count":1,"href":"https:\/\/anna-victoria.at\/index.php?rest_route=\/wp\/v2\/pages\/22\/revisions"}],"predecessor-version":[{"id":23,"href":"https:\/\/anna-victoria.at\/index.php?rest_route=\/wp\/v2\/pages\/22\/revisions\/23"}],"wp:attachment":[{"href":"https:\/\/anna-victoria.at\/index.php?rest_route=%2Fwp%2Fv2%2Fmedia&parent=22"}],"curies":[{"name":"wp","href":"https:\/\/api.w.org\/{rel}","templated":true}]}}